{"id":190,"date":"2017-08-29T09:01:36","date_gmt":"2017-08-29T08:01:36","guid":{"rendered":"https:\/\/chronik.dthgev.de\/?page_id=190"},"modified":"2020-12-07T12:44:25","modified_gmt":"2020-12-07T11:44:25","slug":"111-jahre-dthg","status":"publish","type":"page","link":"https:\/\/chronik.dthgev.de\/?page_id=190","title":{"rendered":"111 Jahre DTHG"},"content":{"rendered":"<div class=\"csRow\">\n<div class=\"csColumnGap\" style=\"margin: 0px; padding: 0px; float: left; width: 1.56%;\"><img decoding=\"async\" style=\"border: none;\" src=\"https:\/\/chronik.dthgev.de\/wp-content\/plugins\/advanced-wp-columns\/assets\/js\/plugins\/views\/img\/1x1-pixel.png\" \/><\/div>\n<div class=\"csColumn\" style=\"margin: 0px; padding: 0px; float: left; width: 46.2%;\" data-csstartpoint=\"15\" data-csendpoint=\"458.5\" data-cswidth=\"46.2%\" data-csid=\"cebd08f0-4bba-ead2-b43d-8d9f9fee08f2\">\n<p>Die 111-j\u00e4hrige Chronik der DTHG ist nicht nur die Geschichte eines Vereins. Im Leben der ersten deutschen theatertechnischen Gesellschaft spiegelt sich mehr als ein Jahrhundert der Entwicklung der deutschen Theaterlandschaft und der B\u00fchnentechnik wider.<\/p>\n<\/div>\n<div class=\"csColumnGap\" style=\"margin: 0px; padding: 0px; float: left; width: 5.73%;\"><img decoding=\"async\" style=\"border: none;\" src=\"https:\/\/chronik.dthgev.de\/wp-content\/plugins\/advanced-wp-columns\/assets\/js\/plugins\/views\/img\/1x1-pixel.png\" \/><\/div>\n<div class=\"csColumn\" style=\"margin: 0px; padding: 0px; float: left; width: 44.9%;\" data-csstartpoint=\"513.5\" data-csendpoint=\"945\" data-cswidth=\"44.9%\" data-csid=\"7d089b65-d3a4-f709-9675-b757c505aae1\">\n<p>\u00dcber zwei Weltkriege und die Teilung Deutschlands hinweg erfahren die Theater und mit ihnen alle technischen Mittel tiefgreifende Ver\u00e4nderungen, die in einem direkten Verh\u00e4ltnis zu den k\u00fcnstlerischen Ausdrucksm\u00f6glichkeiten stehen. Diese Chronik spiegelt \u00fcber ein Jahrhundert politische, soziale, k\u00fcnstlerische und technische gesellschaftliche Entwicklungen.<\/p>\n<\/div>\n<\/div>\n<p style=\"text-align: center;\"><img loading=\"lazy\" decoding=\"async\" class=\"alignnone wp-image-191 size-large\" src=\"https:\/\/chronik.dthgev.de\/wp-content\/uploads\/2017\/08\/BTR_1909_Heft_05_PDF__Seite_1_von_8_-1024x325.jpg\" alt=\"\" width=\"792\" height=\"251\" srcset=\"https:\/\/chronik.dthgev.de\/wp-content\/uploads\/2017\/08\/BTR_1909_Heft_05_PDF__Seite_1_von_8_-1024x325.jpg 1024w, https:\/\/chronik.dthgev.de\/wp-content\/uploads\/2017\/08\/BTR_1909_Heft_05_PDF__Seite_1_von_8_-300x95.jpg 300w, https:\/\/chronik.dthgev.de\/wp-content\/uploads\/2017\/08\/BTR_1909_Heft_05_PDF__Seite_1_von_8_-768x244.jpg 768w, https:\/\/chronik.dthgev.de\/wp-content\/uploads\/2017\/08\/BTR_1909_Heft_05_PDF__Seite_1_von_8_.jpg 1916w\" sizes=\"auto, (max-width: 792px) 100vw, 792px\" \/><\/p>\n<div class=\"csRow\">\n<div class=\"csColumnGap\" style=\"margin: 0px; padding: 0px; float: left; width: 1.56%;\"><img decoding=\"async\" style=\"border: none;\" src=\"https:\/\/chronik.dthgev.de\/wp-content\/plugins\/advanced-wp-columns\/assets\/js\/plugins\/views\/img\/1x1-pixel.png\" \/><\/div>\n<div class=\"csColumn\" style=\"margin: 0px; padding: 0px; float: left; width: 43.8%;\" data-csstartpoint=\"15\" data-csendpoint=\"435.5\" data-cswidth=\"43.8%\" data-csid=\"cfd04394-0e90-7730-a73a-c3271b9b50e2\">\n<p>Die\u00a0<strong>B\u00fchnentechnische Rundschau &#8211; BTR &#8211;\u00a0<\/strong>ist seit der Gr\u00fcndung das den Verband und die Theaterentwicklung begleitende Fachblatt. In mehr als 100 Jahren hat sie die Geschichte des Verbandes dokumentiert.<br \/>\nAlle noch vorhandenen Ausgaben wurden aufw\u00e4ndig digitalisiert und als 3D-Flip-Books den jeweiligen Jahren dieser Chronik zugeordnet, Sie finden sie immer unten auf jeder Seite. \u00a0Sie k\u00f6nnen die Seiten verg\u00f6\u00dfern, in jedem Heft bl\u00e4ttern, sogar einzelne Artikel ausdrucken. Ein download ist aus rechtlichen Gr\u00fcnden nicht erlaubt.<br \/>\n(Bitte haben Sie etwas Geduld bis die Daten dazu geladen sind).<\/p>\n<\/div>\n<div class=\"csColumnGap\" style=\"margin: 0px; padding: 0px; float: left; width: 5.42%;\"><img decoding=\"async\" style=\"border: none;\" src=\"https:\/\/chronik.dthgev.de\/wp-content\/plugins\/advanced-wp-columns\/assets\/js\/plugins\/views\/img\/1x1-pixel.png\" \/><\/div>\n<div class=\"csColumn\" style=\"margin: 0px; padding: 0px; float: left; width: 47.7%;\" data-csstartpoint=\"487.5\" data-csendpoint=\"945\" data-cswidth=\"47.7%\" data-csid=\"1011ee2d-b720-e90d-85a0-95c1636f8a33\">\n<p style=\"text-align: left;\">Auf allen Seiten gibt es entsprechende <a href=\"https:\/\/chronik.dthgev.de\/?s=\">Suchfunktionen<\/a>, wo nach Suchbegriffen die Chronik oder s\u00e4mtliche Ausgaben der BTR durchsucht werden. Das Archiv ist sehr umfangreich.<\/p>\n<p><em>Zus\u00e4tzlich k\u00f6nnen Sie die gesamte Chronik<a href=\"https:\/\/dthg.de\/rapidcartpro\/index.php?catalog\/all\/-\/date\/1\"> hier<\/a> als als eBook oder gedruckte Buchausgabe bestellen und auf ihrem Tablet oder iPad lesen.<\/em><\/p>\n<p><img loading=\"lazy\" decoding=\"async\" class=\"size-medium wp-image-2023 alignleft\" src=\"https:\/\/chronik.dthgev.de\/wp-content\/uploads\/2018\/05\/coverbild_band1-188x300.png\" alt=\"\" width=\"188\" height=\"300\" srcset=\"https:\/\/chronik.dthgev.de\/wp-content\/uploads\/2018\/05\/coverbild_band1-188x300.png 188w, https:\/\/chronik.dthgev.de\/wp-content\/uploads\/2018\/05\/coverbild_band1-768x1225.png 768w, https:\/\/chronik.dthgev.de\/wp-content\/uploads\/2018\/05\/coverbild_band1-642x1024.png 642w, https:\/\/chronik.dthgev.de\/wp-content\/uploads\/2018\/05\/coverbild_band1.png 874w\" sizes=\"auto, (max-width: 188px) 100vw, 188px\" \/><\/p>\n<p><a href=\"https:\/\/dthg.de\/rapidcartpro\/index.php?catalog\/all\/-\/date\/1\"><img loading=\"lazy\" decoding=\"async\" class=\"size-medium wp-image-2024 alignright\" src=\"https:\/\/chronik.dthgev.de\/wp-content\/uploads\/2018\/05\/coverbild_band2-186x300.png\" alt=\"\" width=\"186\" height=\"300\" srcset=\"https:\/\/chronik.dthgev.de\/wp-content\/uploads\/2018\/05\/coverbild_band2-186x300.png 186w, https:\/\/chronik.dthgev.de\/wp-content\/uploads\/2018\/05\/coverbild_band2-768x1236.png 768w, https:\/\/chronik.dthgev.de\/wp-content\/uploads\/2018\/05\/coverbild_band2-636x1024.png 636w, https:\/\/chronik.dthgev.de\/wp-content\/uploads\/2018\/05\/coverbild_band2.png 834w\" sizes=\"auto, (max-width: 186px) 100vw, 186px\" \/><\/a><\/p>\n<\/div>\n<div class=\"csColumnGap\" style=\"margin: 0px; padding: 0px; float: left; width: 1.56%;\"><img decoding=\"async\" style=\"border: none;\" src=\"https:\/\/chronik.dthgev.de\/wp-content\/plugins\/advanced-wp-columns\/assets\/js\/plugins\/views\/img\/1x1-pixel.png\" \/><\/div>\n<div style=\"clear: both; float: none; display: block; visibility: hidden; width: 0px; font-size: 0px; line-height: 0;\"><\/div>\n<\/div>\n<hr \/>\n<h6 style=\"text-align: center;\"><a href=\"http:\/\/89.1.94.108:5678\/search\">Das komplette BTR-Online-Archiv finden Sie hier<\/a><\/h6>\n<h6 style=\"text-align: center;\"><em>Alle Rechte s\u00e4mtlicher Texte und Bilder: \u00a0\u00a9 DTHG e.V., jede nicht private Nutzung, insbesondere Weiterverbreitung, wie Kopien, Druck, Verwendung in anderen Medien sowie jede kommerzielle Nutzung, sind nur mit schriftlicher Genehmigung der Deutschen Theatertechnischen Gesellschaft zul\u00e4ssig.<\/em><\/h6>\n<p><em>\u00a0<\/em><\/p>\n","protected":false},"excerpt":{"rendered":"<p>Die 111-j\u00e4hrige Chronik der DTHG ist nicht nur die Geschichte eines Vereins. Im Leben der ersten deutschen theatertechnischen Gesellschaft spiegelt sich mehr als ein Jahrhundert der Entwicklung der deutschen Theaterlandschaft und der B\u00fchnentechnik wider. \u00dcber zwei Weltkriege und die Teilung Deutschlands hinweg erfahren die Theater und mit ihnen alle technischen Mittel tiefgreifende Ver\u00e4nderungen, die in <a class=\"read-more\" href=\"https:\/\/chronik.dthgev.de\/?page_id=190\">[&hellip;]<\/a><\/p>\n","protected":false},"author":1,"featured_media":0,"parent":0,"menu_order":0,"comment_status":"closed","ping_status":"closed","template":"","meta":{"footnotes":""},"class_list":["post-190","page","type-page","status-publish","hentry"],"_links":{"self":[{"href":"https:\/\/chronik.dthgev.de\/index.php?rest_route=\/wp\/v2\/pages\/190","targetHints":{"allow":["GET"]}}],"collection":[{"href":"https:\/\/chronik.dthgev.de\/index.php?rest_route=\/wp\/v2\/pages"}],"about":[{"href":"https:\/\/chronik.dthgev.de\/index.php?rest_route=\/wp\/v2\/types\/page"}],"author":[{"embeddable":true,"href":"https:\/\/chronik.dthgev.de\/index.php?rest_route=\/wp\/v2\/users\/1"}],"replies":[{"embeddable":true,"href":"https:\/\/chronik.dthgev.de\/index.php?rest_route=%2Fwp%2Fv2%2Fcomments&post=190"}],"version-history":[{"count":2,"href":"https:\/\/chronik.dthgev.de\/index.php?rest_route=\/wp\/v2\/pages\/190\/revisions"}],"predecessor-version":[{"id":2246,"href":"https:\/\/chronik.dthgev.de\/index.php?rest_route=\/wp\/v2\/pages\/190\/revisions\/2246"}],"wp:attachment":[{"href":"https:\/\/chronik.dthgev.de\/index.php?rest_route=%2Fwp%2Fv2%2Fmedia&parent=190"}],"curies":[{"name":"wp","href":"https:\/\/api.w.org\/{rel}","templated":true}]}}